{"id":2,"date":"2026-02-24T16:13:55","date_gmt":"2026-02-24T16:13:55","guid":{"rendered":"https:\/\/skarga-kasacyjna.com.pl\/?page_id=2"},"modified":"2026-03-03T11:58:56","modified_gmt":"2026-03-03T11:58:56","slug":"sample-page","status":"publish","type":"page","link":"https:\/\/skarga-kasacyjna.com.pl\/","title":{"rendered":"Skarga Kasacyjna &#8211; co musisz wiedzie\u0107"},"content":{"rendered":"\n<figure class=\"wp-block-video\"><video controls src=\"https:\/\/adwokatsadowska.com.pl\/wp-content\/uploads\/2025\/11\/Ostatnia-Deska-Ratunku.mp4\"><\/video><\/figure>\n\n\n\n<p class=\"has-theme-palette-13-color has-text-color has-link-color wp-elements-16b92421a9dd1df9d79bbe6ed01056c0\"><br><strong>Wi\u0119cej na stronie www.adwokatsadowska.com.pl &#8211; <a href=\"https:\/\/adwokatsadowska.com.pl\/\">adwokat Warszawa<\/a><\/strong><\/p>\n\n\n\n<h2 class=\"wp-block-heading\">CZY&nbsp;KASACJA PODLEGA OP\u0141ACIE?<\/h2>\n\n\n\n<p>Wnie\u00adsie\u00adnie ka\u00adsa\u00adcji wi\u0105\u00ad\u017ce si\u0119 z&nbsp;do\u00addat\u00adko\u00adw\u0105 op\u0142a\u00adt\u0105, kt\u00f3\u00adr\u0105 na\u00adle\u00ad\u017cy ui\u015bci\u0107 na&nbsp;ra\u00adchu\u00adnek ban\u00adko\u00adwy s\u0105\u00addu, kt\u00f3\u00adry wy\u00adda\u0142 za\u00adskar\u00ad\u017co\u00adne orze\u00adcze\u00adnie. Zgod\u00adnie z&nbsp;Roz\u00adpo\u00adrz\u0105\u00addze\u00adniem Mi\u00adni\u00adstra Spra\u00adwie\u00addli\u00adwo\u00ad\u015bci z&nbsp;dnia 14 ma\u00adja 2003&nbsp;r. op\u0142a\u00adta za&nbsp;wnie\u00adsie\u00adnie ka\u00adsa\u00adcji w&nbsp;spra\u00adwie, w&nbsp;kt\u00f3\u00adrej wy\u00adrok wy\u00adda\u0142 s\u0105d re\u00adjo\u00adno\u00adwy wy\u00adno\u00adsi 450 z\u0142, na\u00adto\u00admiast w&nbsp;spra\u00adwie, w&nbsp;kt\u00f3\u00adrej w&nbsp;pierw\u00adszej in\u00adstan\u00adcji wy\u00adda\u0142 wy\u00adrok s\u0105d okr\u0119\u00adgo\u00adwy \u2013 750 z\u0142. Do&nbsp;spo\u00adrz\u0105\u00addzo\u00adnej ka\u00adsa\u00adcji ko\u00adniecz\u00adnie na\u00adle\u00ad\u017cy do\u00ad\u0142\u0105\u00adczy\u0107 do\u00adw\u00f3d uisz\u00adcze\u00adnia ww. op\u0142a\u00adty s\u0105\u00addo\u00adwej.<\/p>\n\n\n\n<p>Op\u0142a\u00adty nie&nbsp;uisz\u00adcza\u00adj\u0105 je\u00addy\u00adnie pro\u00adku\u00adra\u00adtor, oso\u00adba po\u00adzba\u00adwio\u00adna wol\u00adno\u00ad\u015bci oraz&nbsp;\u017co\u0142\u00adnierz od\u00adby\u00adwa\u00adj\u0105\u00adcy za\u00adsad\u00adni\u00adcz\u0105 s\u0142u\u017c\u00adb\u0119 woj\u00adsko\u00adw\u0105 lub pe\u0142\u00adni\u0105\u00adcy s\u0142u\u017c\u00adb\u0119 woj\u00adsko\u00adw\u0105 w&nbsp;cha\u00adrak\u00adte\u00adrze kan\u00addy\u00adda\u00adta na&nbsp;\u017co\u0142\u00adnierza za\u00adwo\u00addo\u00adwe\u00adgo!<\/p>\n\n\n\n<p>Co&nbsp;jest istot\u00adne, je\u00ad\u017ce\u00adli ka\u00adsa\u00adcja zo\u00adsta\u00adnie uwzgl\u0119d\u00adnio\u00adna, cho\u00adcia\u017c\u00adby w&nbsp;cz\u0119\u00ad\u015bci, al\u00adbo zo\u00adsta\u00adnie cof\u00adni\u0119\u00adta, op\u0142a\u00adta ule\u00adga zwro\u00adto\u00adwi stro\u00adnie, kt\u00f3\u00adra j\u0105&nbsp;ui\u015bci\u00ad\u0142a! Ist\u00adnie\u00adje za\u00adtem szan\u00adsa, \u017ce&nbsp;odzy\u00adskasz uisz\u00adczo\u00adn\u0105 op\u0142a\u00adt\u0119!<\/p>\n\n\n\n<h2 class=\"wp-block-heading\">CZY&nbsp;OD&nbsp;APELACJI NALE\u017bY UI\u015aCI\u0106 OP\u0141AT\u0118 SADOW\u0104?&nbsp;<\/h2>\n\n\n\n<p>Wnie\u00adsie\u00adnie ape\u00adla\u00adcji w&nbsp;spra\u00adwie kar\u00adnej jest wol\u00adne od&nbsp;ja\u00adkiej\u00adkol\u00adwiek op\u0142a\u00adty s\u0105\u00addo\u00adwej, w&nbsp;prze\u00adci\u00adwie\u0144\u00adstwie do&nbsp;ape\u00adla\u00adcji w&nbsp;spra\u00adwie cy\u00adwil\u00adnej.&nbsp;&nbsp;Nic nie&nbsp;tra\u00adcisz, a&nbsp;mo\u00ad\u017cesz je\u00addy\u00adnie zy\u00adska\u0107!<\/p>\n\n\n\n<h2 class=\"wp-block-heading\">CZY&nbsp;MO\u017bNA UBIEGA\u0106 SI\u0118 O&nbsp;ZWOLNIENIE OD&nbsp;OP\u0141ATY S\u0104DOWEJ OD&nbsp;SKARGI KASACYJNEJ?<\/h2>\n\n\n\n<p>Wnie\u00adsie\u00adnie skar\u00adgi ka\u00adsa\u00adcyj\u00adnej wi\u0105\u00ad\u017ce si\u0119 na&nbsp;og\u00f3\u0142 z&nbsp;op\u0142a\u00adta s\u0105\u00addo\u00adw\u0105, kt\u00f3\u00adr\u0105 na\u00adle\u00ad\u017cy ui\u015bci\u0107 na&nbsp;ra\u00adchu\u00adnek ban\u00adko\u00adwy S\u0105\u00addu II&nbsp;in\u00adstan\u00adcji. Kwo\u00adta jest za\u00adsad\u00adni\u00adczo uza\u00adle\u017c\u00adnio\u00adna od&nbsp;war\u00adto\u00ad\u015bci przedmio\u00adtu spo\u00adru, jed\u00adnak w&nbsp;spra\u00adwach z&nbsp;za\u00adkre\u00adsu pra\u00adwa pra\u00adcy wy\u00adno\u00adsi 30 z\u0142, a&nbsp;w&nbsp;spra\u00adwach pra\u00adcow\u00adni\u00adczych, w&nbsp;kt\u00f3\u00adrych war\u00adto\u015b\u0107 przedmio\u00adtu spo\u00adru prze\u00adwy\u017c\u00adsza kwo\u00adt\u0119 50.000 z\u0142o\u00adtych, po\u00adbie\u00adra si\u0119 od&nbsp;wszyst\u00adkich pod\u00adle\u00adga\u00adj\u0105\u00adcych op\u0142a\u00adcie pism pro\u00adce\u00adso\u00adwych op\u0142a\u00adt\u0119 sto\u00adsun\u00adko\u00adw\u0105.<\/p>\n\n\n\n<p>Ist\u00adnie\u00adje jed\u00adnak mo\u017c\u00adli\u00adwo\u015b\u0107 ubie\u00adga\u00adnia si\u0119 o&nbsp;zwol\u00adnie\u00adnie z&nbsp;op\u0142a\u00adty s\u0105\u00addo\u00adwej, je\u00ad\u015bli je\u00adste\u015b w&nbsp;trud\u00adnej sy\u00adtu\u00adacji fi\u00adnan\u00adso\u00adwej i&nbsp;nie&nbsp;sta\u0107 Ci\u0119 na&nbsp;jej uisz\u00adcze\u00adnie. Jak to&nbsp;zro\u00adbi\u0107? Prze\u00adde wszyst\u00adkim trze\u00adba umie\u00adj\u0119t\u00adnie wy\u00adpe\u0142\u00adni\u0107 for\u00admu\u00adlarz \u2013 tzw. o\u015bwiad\u00adcze\u00adnie o&nbsp;sta\u00adnie ro\u00addzin\u00adnym, ma\u00adj\u0105t\u00adku, do\u00adcho\u00addach i&nbsp;\u017ar\u00f3\u00add\u0142ach utrzy\u00adma\u00adnia. Na\u00adsi ad\u00adwo\u00adka\u00adci ma\u00adj\u0105 w&nbsp;tym du\u00ad\u017ce do\u015bwiad\u00adcze\u00adnie i&nbsp;s\u0142u\u00ad\u017c\u0105 po\u00admo\u00adc\u0105 na\u00adszym Klien\u00adtom, co&nbsp;zwi\u0119k\u00adsza ich szan\u00adse na&nbsp;uzy\u00adska\u00adnie zwol\u00adnie\u00adnia z&nbsp;op\u0142a\u00adty s\u0105\u00addo\u00adwej.<\/p>\n\n\n\n<h2 class=\"wp-block-heading\">CO&nbsp;ZROBI\u0106, GDY&nbsp;NIE&nbsp;MAMY \u015aRODK\u00d3W NA&nbsp;OP\u0141AT\u0118 OD&nbsp;APELACJI?<\/h2>\n\n\n\n<p>Wnie\u00adsie\u00adnie ape\u00adla\u00adcji wi\u0105\u00ad\u017ce si\u0119 za\u00adzwy\u00adczaj z&nbsp;op\u0142a\u00adt\u0105 s\u0105\u00addo\u00adw\u0105, kt\u00f3\u00adr\u0105 na\u00adle\u00ad\u017cy ui\u015bci\u0107 na&nbsp;ra\u00adchu\u00adnek ban\u00adko\u00adwy S\u0105\u00addu. Ist\u00adnie\u00adje jed\u00adnak mo\u017c\u00adli\u00adwo\u015b\u0107 ubie\u00adga\u00adnia si\u0119 o&nbsp;zwol\u00adnie\u00adnie z&nbsp;op\u0142a\u00adty s\u0105\u00addo\u00adwej, je\u00ad\u015bli je\u00adste\u015b w&nbsp;trud\u00adnej sy\u00adtu\u00adacji fi\u00adnan\u00adso\u00adwej i&nbsp;nie&nbsp;sta\u0107 Ci\u0119 na&nbsp;jej uisz\u00adcze\u00adnie. Jak to&nbsp;zro\u00adbi\u0107? Prze\u00adde wszyst\u00adkim trze\u00adba umie\u00adj\u0119t\u00adnie wy\u00adpe\u0142\u00adni\u0107 for\u00admu\u00adlarz \u2013 tzw. o\u015bwiad\u00adcze\u00adnie o&nbsp;sta\u00adnie ro\u00addzin\u00adnym, ma\u00adj\u0105t\u00adku, do\u00adcho\u00addach i&nbsp;\u017ar\u00f3\u00add\u0142ach utrzy\u00adma\u00adnia i&nbsp;do\u00ad\u0142\u0105\u00adczy\u0107 do&nbsp;ape\u00adla\u00adcji.<\/p>\n\n\n\n<p>Adwo\u00adka\u00adci w&nbsp;na\u00adszej Kan\u00adce\u00adla\u00adrii Adwo\u00adkac\u00adkiej ma\u00adj\u0105 w&nbsp;tym za\u00adkre\u00adsie du\u00ad\u017ce do\u015bwiad\u00adcze\u00adnie i&nbsp;s\u0142u\u00ad\u017c\u0105 po\u00admo\u00adc\u0105 na\u00adszym Klien\u00adtom, co&nbsp;zwi\u0119k\u00adsza ich szan\u00adse na&nbsp;uzy\u00adska\u00adnie zwol\u00adnie\u00adnia z&nbsp;op\u0142a\u00adty s\u0105\u00addo\u00adwej od&nbsp;ape\u00adla\u00adcji.<\/p>\n\n\n\n<h2 class=\"wp-block-heading\">JE\u015aLI S\u0104D ODWO\u0141AWCZY UWZGL\u0118DNI MOJ\u0104 APELACJ\u0118, TO&nbsp;KTO PONIESIE KOSZTY PROCESU \u2013 OP\u0141ATY OD&nbsp;APELACJI I&nbsp;MOJEGO&nbsp;ADWOKATA?<\/h2>\n\n\n\n<p>W&nbsp;pro\u00adce\u00adsie cy\u00adwil\u00adnym obo\u00adwi\u0105\u00adzu\u00adje pod\u00adsta\u00adwo\u00adwa za\u00adsa\u00adda, zgod\u00adnie z&nbsp;kt\u00f3\u00adr\u0105, s\u0105d na&nbsp;rzecz strony wygrywaj\u0105cej proces, na&nbsp;jej wniosek, zas\u0105dza od&nbsp;strony przegrywaj\u0105cej&nbsp;kosz\u00adty pro\u00adcesu, w&nbsp;sk\u0142ad kt\u00f3\u00adrych wcho\u00addz\u0105 r\u00f3w\u00adno\u00adwar\u00adto\u015b\u0107 op\u0142a\u00adty s\u0105\u00addo\u00adwej od&nbsp;ape\u00adla\u00adcji oraz&nbsp;wy\u00adna\u00adgro\u00addze\u00adnie pe\u0142\u00adno\u00admoc\u00adni\u00adka.<\/p>\n\n\n\n<p>Pa\u00admi\u0119\u00adtaj za\u00adtem, by&nbsp;za\u00adcho\u00adwa\u0107 fak\u00adtu\u00adr\u0119 za&nbsp;po\u00admoc praw\u00adn\u0105, wy\u00adsta\u00adwio\u00adn\u0105 przez&nbsp;usta\u00adno\u00adwio\u00adne\u00adgo w&nbsp;spra\u00adwie ad\u00adwo\u00adka\u00adta.<\/p>\n\n\n\n<h2 class=\"wp-block-heading\">DLACZEGO NIE&nbsp;WARTO WYST\u0118POWA\u0106 O&nbsp;ADWOKAT\u00d3W Z&nbsp;URZ\u0118DU?<\/h2>\n\n\n\n<p>Po\u00adwa\u017c\u00adnie za\u00adsta\u00adn\u00f3w si\u0119, czy&nbsp;war\u00adto wy\u00adst\u0119\u00adpo\u00adwa\u0107 o&nbsp;ad\u00adwo\u00adka\u00adta z&nbsp;urz\u0119\u00addu w&nbsp;po\u00adst\u0119\u00adpo\u00adwa\u00adniu cy\u00adwil\u00adnym ce\u00adlem opra\u00adco\u00adwa\u00adnia ape\u00adla\u00adcji. Bru\u00adtal\u00adna praw\u00adda o&nbsp;staw\u00adkach dla ad\u00adwo\u00adka\u00adt\u00f3w pro\u00adwa\u00addz\u0105\u00adcych spra\u00adwy z&nbsp;urz\u0119\u00addu jest ta\u00adka, \u017ce&nbsp;s\u0105&nbsp;to&nbsp;\u201estaw\u00adki mniej\u00adsze ni\u017c \u017cy\u00adcie\u201d. Tak&nbsp;okre\u00ad\u015bla je&nbsp;\u015bro\u00addo\u00adwi\u00adsko ad\u00adwo\u00adkac\u00adkie, od&nbsp;lat skar\u00ad\u017c\u0105\u00adce si\u0119 na&nbsp;upo\u00adka\u00adrza\u00adj\u0105\u00adce wr\u0119cz kwo\u00adty, za\u00ads\u0105\u00addza\u00adne z&nbsp;ty\u00adtu\u00ad\u0142u pro\u00adwa\u00addze\u00adnia spraw z&nbsp;urz\u0119\u00addu. \u015ared\u00adnio za&nbsp;pro\u00adwa\u00addze\u00adnie ca\u00ad\u0142ej spra\u00adwy z&nbsp;urz\u0119\u00addu ad\u00adwo\u00adkat otrzy\u00admu\u00adje \u2026180 z\u0142, co&nbsp;\u2013 nie\u00adste\u00adty \u2013 na&nbsp;og\u00f3\u0142 przed\u00adk\u0142a\u00adda si\u0119 na&nbsp;sto\u00adpie\u0144 je\u00adgo za\u00adan\u00adga\u00ad\u017co\u00adwa\u00adnia w&nbsp;spra\u00adw\u0119, rze\u00adtel\u00adno\u015b\u0107 i&nbsp;skru\u00adpu\u00adlat\u00adno\u015b\u0107.<\/p>\n\n\n\n<p>Nic dziw\u00adne\u00adgo, \u017ce&nbsp;naj\u00adlep\u00adsi, naj\u00adbar\u00addziej sku\u00adtecz\u00adni ad\u00adwo\u00adka\u00adci, nie&nbsp;otrzy\u00admu\u00adj\u0105 tzw. \u201eu\u00adrz\u0119\u00add\u00f3\u00adwe\u00adk\u201d, z&nbsp;kt\u00f3\u00adrych \u017cy\u00adj\u0105 al\u00adbo m\u0142o\u00addzi ad\u00adwo\u00adka\u00adci, kt\u00f3\u00adrzy od&nbsp;nie\u00addaw\u00adna \u015bwiad\u00adcz\u0105 swo\u00adje us\u0142u\u00adgi na&nbsp;ryn\u00adku praw\u00adni\u00adczym al\u00adbo ad\u00adwo\u00adka\u00adci w&nbsp;fa\u00adzie przed\u00ademe\u00adry\u00adtal\u00adnej.<\/p>\n\n\n\n<p class=\"has-theme-palette-13-color has-text-color has-link-color wp-elements-a05f9ed4de315a05969b45a9f419ef72\"><strong>Wi\u0119cej na stronie www.adwokatsadowska.com.pl &#8211; <a href=\"https:\/\/adwokatsadowska.com.pl\/\">adwokat Warszawa<\/a><\/strong><\/p>\n\n\n\n<h1 class=\"wp-block-heading\">Jak wygra\u0107 Cywiln\u0105 Skarg\u0119 Kasacyjn\u0105? I&nbsp;\u017cartem, i&nbsp;serio<\/h1>\n\n\n\n<p>Samolot pasa\u017cerski mia\u0142 problemy z&nbsp;silnikiem, wi\u0119c&nbsp;pilot wyda\u0142 instrukcj\u0119 za\u0142odze, aby wszyscy pasa\u017cerowie zaj\u0119li swoje miejsca, pozapinali pasy i&nbsp;przygotowali si\u0119 do&nbsp;awaryjnego l\u0105dowania. Po&nbsp;paru minutach pilot pyta stewardess\u0119, czy&nbsp;wszyscy pasa\u017cerowie s\u0105&nbsp;przygotowani do&nbsp;l\u0105dowania. \u2013 Tak, wszyscy s\u0105&nbsp;przygotowani \u2013 odpowiedzia\u0142a stewardessa \u2013 z&nbsp;wyj\u0105tkiem adwokat\u00f3w, kt\u00f3rzy&nbsp;wci\u0105\u017c chodz\u0105 po&nbsp;samolocie i&nbsp;rozdaj\u0105 wizyt\u00f3wki.<\/p>\n\n\n\n<p>Wprawdzie w&nbsp;innych okoliczno\u015bciach \u2013 przedstawiam Pa\u0144stwu wizyt\u00f3wk\u0119 mojej&nbsp;Kancelarii Adwokackiej, a&nbsp;poniewa\u017c \u201estosunki spo\u0142eczne s\u0105&nbsp;bardziej skomplikowane ni\u017c wyobra\u017ania najbardziej nawet wnikliwego ustawodawcy\u201d (z&nbsp;uzasadnienia uchwa\u0142y siedmiu s\u0119dzi\u00f3w S\u0105du Najwy\u017cszego z&nbsp;dnia 12 lutego 1998&nbsp;r., sygn. akt III ZP 51\/97, OSNAPiUS 1998 nr&nbsp;13, poz. 387), mo\u017cemy wykaza\u0107 si\u0119 wiedz\u0105, popart\u0105 stopniami i&nbsp;tytu\u0142ami naukowymi, wieloletnim do\u015bwiadczeniem, sprawno\u015bci\u0105 dzia\u0142ania i&nbsp;sukcesami w&nbsp;materii skarg kasacyjnych, kt\u00f3rych&nbsp;beneficjentami s\u0105&nbsp;nasi Klienci.<\/p>\n\n\n\n<p>Nasz\u0105 specjalno\u015bci\u0105 s\u0105&nbsp;trudne sprawy, nie&nbsp;tylko&nbsp;karne, ale&nbsp;i&nbsp;cywilne. Ka\u017cdy nasz Klient mo\u017ce liczy\u0107 na&nbsp;to, \u017ce&nbsp;jego spraw\u0105 zajmie si\u0119 ca\u0142y zesp\u00f3\u0142 Kancelarii, z\u0142o\u017cony g\u0142\u00f3wnie z&nbsp;doktor\u00f3w nauk prawnych. Przede wszystkim bardzo uwa\u017cnie \u2013 od&nbsp;pierwszej do&nbsp;ostatniej karty \u2013 czytamy akta sprawy, a&nbsp;nast\u0119pnie spotykamy si\u0119 z&nbsp;Klientem i&nbsp;precyzyjnie gromadzimy wiedz\u0119 o&nbsp;sprawie nam powierzonej. Wiedza to&nbsp;moc, chyba ka\u017cdy si\u0119 z&nbsp;tym zgodzi. Kiedy ju\u017c zgromadzimy wiedz\u0119, szukamy pomys\u0142u na&nbsp;skarg\u0119 kasacyjn\u0105, kt\u00f3ry&nbsp;m\u00f3g\u0142by zyska\u0107 aprobat\u0119 cywilist\u00f3w z&nbsp;najwy\u017cszej p\u00f3\u0142ki w&nbsp;Polsce, bo&nbsp;takimi s\u0105&nbsp;S\u0119dziowie Izby Cywilnej S\u0105du Najwy\u017cszego! Dzi\u0119ki temu wygrywamy tak&nbsp;du\u017co spraw, a&nbsp;zw\u0142aszcza mo\u017cemy poszczyci\u0107 si\u0119 imponuj\u0105cym odsetkiem przyj\u0119tych do&nbsp;rozpoznania i&nbsp;wygranych skarg kasacyjnych \u2013 w\u0142a\u015bnie dzi\u0119ki drobiazgowej analizie akt, rozleg\u0142ej, ci\u0105gle uzupe\u0142nianej wiedzy prawniczej, analizie orzecznictwa, do\u015bwiadczeniu procesowemu i&nbsp;oryginalnym koncepcjom, dzi\u0119ki kt\u00f3rym&nbsp;nasze skargi kasacyjne wyr\u00f3\u017cniaj\u0105 si\u0119 na&nbsp;tle innych.<\/p>\n\n\n\n<p>Nigdy nie&nbsp;sk\u0142adamy Klientom obietnic na&nbsp;wyrost. Trafiaj\u0105 do&nbsp;nas sprawy ju\u017c po&nbsp;pora\u017cce w&nbsp;S\u0105dzie, na&nbsp;og\u00f3\u0142 prawomocnej, ale&nbsp;nasi Klienci wiedz\u0105, \u017ce&nbsp;wtedy wyci\u015bniemy ze&nbsp;sprawy wszystkie soki jak z&nbsp;cytryny, aby odwr\u00f3ci\u0107 niekorzystne rozstrzygni\u0119cie, a&nbsp;gdy&nbsp;si\u0119 ju\u017c nie&nbsp;da, to&nbsp;zminimalizowa\u0107 szkody. Nie&nbsp;jeste\u015bmy cudotw\u00f3rcami, ale&nbsp;jak to&nbsp;powiedzia\u0142 pewien oskar\u017cony przed&nbsp;s\u0105dem: S\u0142ysz\u0105c mow\u0119 mojego&nbsp;obro\u0144cy, nabra\u0142em przekonania, \u017ce&nbsp;jestem niewinny.<\/p>\n\n\n\n<p>Podsumowanie:<\/p>\n\n\n\n<p><strong>Jak wygra\u0107 przed&nbsp;S\u0105dem Najwy\u017cszym? Skuteczna skarga kasacyjna<\/strong><\/p>\n\n\n\n<p>Prawid\u0142owo sporz\u0105dzona&nbsp;<strong>skarga kasacyjna<\/strong>&nbsp;to&nbsp;niezwykle sformalizowany \u015brodek zaskar\u017cenia, kt\u00f3ry&nbsp;wymaga od&nbsp;adwokata nie&nbsp;tylko&nbsp;perfekcyjnej znajomo\u015bci akt, ale&nbsp;i&nbsp;kreatywnego podej\u015bcia do&nbsp;prawa. Artyku\u0142 wyja\u015bnia, \u017ce&nbsp;ka\u017cda skuteczna&nbsp;<strong>skarga kasacyjna<\/strong>&nbsp;w&nbsp;sprawach cywilnych musi przej\u015b\u0107 przez&nbsp;tzw. \u201eprzeds\u0105d\u201d, w&nbsp;kt\u00f3rym&nbsp;S\u0105d Najwy\u017cszy decyduje o&nbsp;przyj\u0119ciu jej do&nbsp;rozpoznania. Kluczem do&nbsp;sukcesu jest drobiazgowa analiza orzeczenia oraz&nbsp;wykazanie istotnego zagadnienia prawnego lub ra\u017c\u0105cego naruszenia przepis\u00f3w.<\/p>\n\n\n\n<p>W&nbsp;tek\u015bcie podkre\u015blono, \u017ce&nbsp;profesjonalna&nbsp;<strong>skarga kasacyjna<\/strong>&nbsp;powinna opiera\u0107 si\u0119 na&nbsp;unikalnym \u201epomy\u015ble na&nbsp;spraw\u0119\u201d, kt\u00f3ry&nbsp;zainteresuje s\u0119dzi\u00f3w Izby Cywilnej. Poniewa\u017c&nbsp;<strong>skarga kasacyjna<\/strong>&nbsp;jest pisana pod&nbsp;surowymi rygorami formalnymi, jej przygotowanie warto powierzy\u0107 prawnikom z&nbsp;tytu\u0142ami naukowymi i&nbsp;udokumentowanymi sukcesami. Pami\u0119taj, \u017ce&nbsp;dobrze umotywowana&nbsp;<strong>skarga kasacyjna<\/strong>&nbsp;to&nbsp;Twoja ostatnia szansa na&nbsp;zmian\u0119 prawomocnego wyroku i&nbsp;wygran\u0105 w&nbsp;najbardziej skomplikowanych sporach cywilnych.<\/p>\n\n\n\n<p class=\"has-theme-palette-13-color has-text-color has-link-color wp-elements-ffc2e27e19d4618ea9596b98717f6cf5\"><strong>Wi\u0119cej na stronie www.adwokatsadowska.com.pl &#8211; <a href=\"https:\/\/adwokatsadowska.com.pl\/\">adwokat Warszawa<\/a><br><\/strong><\/p>\n","protected":false},"excerpt":{"rendered":"<p>Wi\u0119cej na stronie www.adwokatsadowska.com.pl &#8211; adwokat Warszawa CZY&nbsp;KASACJA PODLEGA OP\u0141ACIE? Wnie\u00adsie\u00adnie ka\u00adsa\u00adcji wi\u0105\u00ad\u017ce si\u0119 z&nbsp;do\u00addat\u00adko\u00adw\u0105 op\u0142a\u00adt\u0105, kt\u00f3\u00adr\u0105 na\u00adle\u00ad\u017cy ui\u015bci\u0107 na&nbsp;ra\u00adchu\u00adnek ban\u00adko\u00adwy s\u0105\u00addu, kt\u00f3\u00adry wy\u00adda\u0142 za\u00adskar\u00ad\u017co\u00adne orze\u00adcze\u00adnie. Zgod\u00adnie z&nbsp;Roz\u00adpo\u00adrz\u0105\u00addze\u00adniem Mi\u00adni\u00adstra Spra\u00adwie\u00addli\u00adwo\u00ad\u015bci z&nbsp;dnia 14 ma\u00adja 2003&nbsp;r. op\u0142a\u00adta za&nbsp;wnie\u00adsie\u00adnie ka\u00adsa\u00adcji w&nbsp;spra\u00adwie, w&nbsp;kt\u00f3\u00adrej wy\u00adrok wy\u00adda\u0142 s\u0105d re\u00adjo\u00adno\u00adwy wy\u00adno\u00adsi 450 z\u0142, na\u00adto\u00admiast w&nbsp;spra\u00adwie, w&nbsp;kt\u00f3\u00adrej w&nbsp;pierw\u00adszej in\u00adstan\u00adcji wy\u00adda\u0142 wy\u00adrok s\u0105d okr\u0119\u00adgo\u00adwy&#8230;<\/p>\n","protected":false},"author":1,"featured_media":0,"parent":0,"menu_order":0,"comment_status":"closed","ping_status":"open","template":"","meta":{"_kadence_starter_templates_imported_post":false,"_kad_post_transparent":"","_kad_post_title":"","_kad_post_layout":"","_kad_post_sidebar_id":"","_kad_post_content_style":"","_kad_post_vertical_padding":"","_kad_post_feature":"","_kad_post_feature_position":"","_kad_post_header":false,"_kad_post_footer":false,"_kad_post_classname":"","footnotes":""},"class_list":["post-2","page","type-page","status-publish","hentry"],"_links":{"self":[{"href":"https:\/\/skarga-kasacyjna.com.pl\/index.php\/wp-json\/wp\/v2\/pages\/2","targetHints":{"allow":["GET"]}}],"collection":[{"href":"https:\/\/skarga-kasacyjna.com.pl\/index.php\/wp-json\/wp\/v2\/pages"}],"about":[{"href":"https:\/\/skarga-kasacyjna.com.pl\/index.php\/wp-json\/wp\/v2\/types\/page"}],"author":[{"embeddable":true,"href":"https:\/\/skarga-kasacyjna.com.pl\/index.php\/wp-json\/wp\/v2\/users\/1"}],"replies":[{"embeddable":true,"href":"https:\/\/skarga-kasacyjna.com.pl\/index.php\/wp-json\/wp\/v2\/comments?post=2"}],"version-history":[{"count":3,"href":"https:\/\/skarga-kasacyjna.com.pl\/index.php\/wp-json\/wp\/v2\/pages\/2\/revisions"}],"predecessor-version":[{"id":13,"href":"https:\/\/skarga-kasacyjna.com.pl\/index.php\/wp-json\/wp\/v2\/pages\/2\/revisions\/13"}],"wp:attachment":[{"href":"https:\/\/skarga-kasacyjna.com.pl\/index.php\/wp-json\/wp\/v2\/media?parent=2"}],"curies":[{"name":"wp","href":"https:\/\/api.w.org\/{rel}","templated":true}]}}